{"id":813,"date":"2017-03-20T08:27:50","date_gmt":"2017-03-20T08:27:50","guid":{"rendered":"https:\/\/fecomcr.com\/.1.134\/ornaldo2\/\/\/\/?page_id=813"},"modified":"2025-06-02T01:16:20","modified_gmt":"2025-06-02T01:16:20","slug":"services","status":"publish","type":"page","link":"https:\/\/fecomcr.com\/?page_id=813","title":{"rendered":"Servicios"},"content":{"rendered":"<div class=\"wpb-content-wrapper\"><p>[vc_row el_class=&#8221;service_row1&#8243; css=&#8221;.vc_custom_1522807322612{margin-top: 20px !important;margin-bottom: 60px !important;}&#8221;][vc_column width=&#8221;1\/2&#8243; el_class=&#8221;feature_row1&#8243;]\t<div class=\"ftc-feature \">\n\t\t<div class=\"feature-content\">\n\n\t\t\t\n\t\t\n\t\t<a target=\"_blank\" class=\"ftc_feature_image\" href=\"javascript: void(0)\" >\n\t\t\t<img fetchpriority=\"high\" decoding=\"async\" width=\"2560\" height=\"2048\" src=\"https:\/\/fecomcr.com\/wp-content\/uploads\/2017\/12\/PILOTO-FECOM2-scaled.jpeg\" class=\"img wp-post-image\" alt=\"\" srcset=\"https:\/\/fecomcr.com\/wp-content\/uploads\/2017\/12\/PILOTO-FECOM2-scaled.jpeg 2560w, https:\/\/fecomcr.com\/wp-content\/uploads\/2017\/12\/PILOTO-FECOM2-300x240.jpeg 300w, https:\/\/fecomcr.com\/wp-content\/uploads\/2017\/12\/PILOTO-FECOM2-1024x819.jpeg 1024w, https:\/\/fecomcr.com\/wp-content\/uploads\/2017\/12\/PILOTO-FECOM2-768x614.jpeg 768w, https:\/\/fecomcr.com\/wp-content\/uploads\/2017\/12\/PILOTO-FECOM2-1536x1229.jpeg 1536w, https:\/\/fecomcr.com\/wp-content\/uploads\/2017\/12\/PILOTO-FECOM2-2048x1638.jpeg 2048w, https:\/\/fecomcr.com\/wp-content\/uploads\/2017\/12\/PILOTO-FECOM2-600x480.jpeg 600w\" sizes=\"(max-width: 2560px) 100vw, 2560px\" \/> \n\t\t\t<div class=\"smooth\"><\/div>\n\t\t<\/a>\n\n\t\n\t\t\t<div class=\"ftc_feature_content\">\n\t\t\t\n\t\t\t\t\n\t\t\t\t\n\t\t\t\t\t\t\t\t<\/div>\n\t\t\t\t\t\t<\/div>\n\t<\/div>\n\t[\/vc_column][vc_column width=&#8221;1\/2&#8243; el_class=&#8221;text_row1&#8243;][vc_column_text css=&#8221;.vc_custom_1748826943560{margin-bottom: 0px !important;}&#8221;]<\/p>\n<div class=\"text_service row1\">\n<h3>LICENCIA DEPORTIVA<\/h3>\n<ul>\n<li>Tr\u00e1mites en l\u00ednea para la licencia deportiva<\/li>\n<li>Juramentaci\u00f3n de Pilotos para competencias Internacionales<\/li>\n<li>Facilitador del tr\u00e1mite para el seguro de pilotos<\/li>\n<li>Otros beneficios dirigidos a la licencia deportiva<\/li>\n<\/ul>\n<p>&nbsp;<\/p>\n<div><a href=\"https:\/\/fecomcr.com\/wp-content\/uploads\/2017\/12\/Infografia-Licencia-2025.pdf\">Ver M\u00e1s<\/a><\/div>\n<\/div>\n<p>[\/vc_column_text][\/vc_column][\/vc_row][vc_row el_class=&#8221;service_row2&#8243; css=&#8221;.vc_custom_1498202469193{margin-top: 30px !important;margin-bottom: 60px !important;}&#8221;][vc_column width=&#8221;1\/2&#8243; el_class=&#8221;text_row2&#8243;][vc_column_text css=&#8221;.vc_custom_1733353694202{margin-bottom: 0px !important;}&#8221;]<\/p>\n<div class=\"text_service row2\">\n<h3>FISCALIZACIONES DE CAMPEONATOS NACIONALES<\/h3>\n<ul>\n<li>Reglamentaci\u00f3n de Afiliadas<\/li>\n<li>Administraci\u00f3n de recursos para Afiliadas<\/li>\n<li>Seguridad de los pilotos<\/li>\n<li>Seguridad del P\u00fablico<\/li>\n<li>Otras funciones referentes a los Campeonatos<\/li>\n<\/ul>\n<p>&nbsp;<\/p>\n<\/div>\n<p>[\/vc_column_text][\/vc_column][vc_column width=&#8221;1\/2&#8243; el_class=&#8221;feature_row2&#8243;]\t<div class=\"ftc-feature \">\n\t\t<div class=\"feature-content\">\n\n\t\t\t\n\t\t\n\t\t<a target=\"_blank\" class=\"ftc_feature_image\" href=\"javascript: void(0)\" >\n\t\t\t<img decoding=\"async\" width=\"2048\" height=\"1365\" src=\"https:\/\/fecomcr.com\/wp-content\/uploads\/2024\/12\/PUBLICO.jpg\" class=\"img wp-post-image\" alt=\"\" srcset=\"https:\/\/fecomcr.com\/wp-content\/uploads\/2024\/12\/PUBLICO.jpg 2048w, https:\/\/fecomcr.com\/wp-content\/uploads\/2024\/12\/PUBLICO-300x200.jpg 300w, https:\/\/fecomcr.com\/wp-content\/uploads\/2024\/12\/PUBLICO-1024x683.jpg 1024w, https:\/\/fecomcr.com\/wp-content\/uploads\/2024\/12\/PUBLICO-768x512.jpg 768w, https:\/\/fecomcr.com\/wp-content\/uploads\/2024\/12\/PUBLICO-1536x1024.jpg 1536w, https:\/\/fecomcr.com\/wp-content\/uploads\/2024\/12\/PUBLICO-600x400.jpg 600w\" sizes=\"(max-width: 2048px) 100vw, 2048px\" \/> \n\t\t\t<div class=\"smooth\"><\/div>\n\t\t<\/a>\n\n\t\n\t\t\t<div class=\"ftc_feature_content\">\n\t\t\t\n\t\t\t\t\n\t\t\t\t\n\t\t\t\t\t\t\t\t<\/div>\n\t\t\t\t\t\t<\/div>\n\t<\/div>\n\t[\/vc_column][\/vc_row][vc_row el_class=&#8221;service_row3&#8243; css=&#8221;.vc_custom_1512534195488{margin-top: 30px !important;margin-bottom: 20px !important;}&#8221;][vc_column width=&#8221;1\/2&#8243; el_class=&#8221;feature_row3&#8243;]\t<div class=\"ftc-feature \">\n\t\t<div class=\"feature-content\">\n\n\t\t\t\n\t\t\n\t\t<a target=\"_blank\" class=\"ftc_feature_image\" href=\"javascript: void(0)\" >\n\t\t\t<img decoding=\"async\" width=\"2560\" height=\"2048\" src=\"https:\/\/fecomcr.com\/wp-content\/uploads\/2024\/12\/PILOTO-FECOM1-scaled.jpeg\" class=\"img wp-post-image\" alt=\"\" srcset=\"https:\/\/fecomcr.com\/wp-content\/uploads\/2024\/12\/PILOTO-FECOM1-scaled.jpeg 2560w, https:\/\/fecomcr.com\/wp-content\/uploads\/2024\/12\/PILOTO-FECOM1-300x240.jpeg 300w, https:\/\/fecomcr.com\/wp-content\/uploads\/2024\/12\/PILOTO-FECOM1-1024x819.jpeg 1024w, https:\/\/fecomcr.com\/wp-content\/uploads\/2024\/12\/PILOTO-FECOM1-768x614.jpeg 768w, https:\/\/fecomcr.com\/wp-content\/uploads\/2024\/12\/PILOTO-FECOM1-1536x1229.jpeg 1536w, https:\/\/fecomcr.com\/wp-content\/uploads\/2024\/12\/PILOTO-FECOM1-2048x1638.jpeg 2048w, https:\/\/fecomcr.com\/wp-content\/uploads\/2024\/12\/PILOTO-FECOM1-600x480.jpeg 600w\" sizes=\"(max-width: 2560px) 100vw, 2560px\" \/> \n\t\t\t<div class=\"smooth\"><\/div>\n\t\t<\/a>\n\n\t\n\t\t\t<div class=\"ftc_feature_content\">\n\t\t\t\n\t\t\t\t\n\t\t\t\t\n\t\t\t\t\t\t\t\t<\/div>\n\t\t\t\t\t\t<\/div>\n\t<\/div>\n\t[\/vc_column][vc_column width=&#8221;1\/2&#8243; el_class=&#8221;text_row3&#8243;][vc_column_text css=&#8221;.vc_custom_1733353989654{margin-bottom: 0px !important;}&#8221;]<\/p>\n<div class=\"text_service row3\">\n<h3>ASESORIA A AFILIADAS<\/h3>\n<ul>\n<li>Seguros de Responsabilidad Civil<\/li>\n<li>Planificaci\u00f3n de recursos<\/li>\n<li>Activos para Eventos<\/li>\n<li>Patrocinios de ayuda<\/li>\n<li>Capacitaciones<\/li>\n<\/ul>\n<p>&nbsp;<\/p>\n<div><\/div>\n<\/div>\n<p>[\/vc_column_text][\/vc_column][\/vc_row]<\/p>\n<\/div>","protected":false},"excerpt":{"rendered":"<p>[vc_row el_class=&#8221;service_row1&#8243; css=&#8221;.vc_custom_1522807322612{margin-top: 20px !important;margin-bottom: 60px !important;}&#8221;][vc_column width=&#8221;1\/2&#8243; el_class=&#8221;feature_row1&#8243;][\/vc_column][vc_column width=&#8221;1\/2&#8243; el_class=&#8221;text_row1&#8243;][vc_column_text css=&#8221;.vc_custom_1748826943560{margin-bottom: 0px !important;}&#8221;] LICENCIA DEPORTIVA Tr\u00e1mites en l\u00ednea para la licencia deportiva Juramentaci\u00f3n de Pilotos para competencias Internacionales Facilitador del tr\u00e1mite para el seguro de pilotos Otros beneficios dirigidos a la licencia deportiva &nbsp; Ver M\u00e1s [\/vc_column_text][\/vc_column][\/vc_row][vc_row el_class=&#8221;service_row2&#8243; css=&#8221;.vc_custom_1498202469193{margin-top: 30px !important;margin-bottom: 60px !important;}&#8221;][vc_column width=&#8221;1\/2&#8243; [&hellip;]<\/p>\n","protected":false},"author":1,"featured_media":0,"parent":0,"menu_order":0,"comment_status":"closed","ping_status":"closed","template":"elementor_theme","meta":{"footnotes":""},"class_list":["post-813","page","type-page","status-publish","hentry"],"aioseo_notices":[],"yoast_head":"<!-- This site is optimized with the Yoast SEO plugin v24.8.1 - https:\/\/yoast.com\/wordpress\/plugins\/seo\/ -->\n<title>Servicios - Federaci\u00f3n Costarricense de los Motores<\/title>\n<meta name=\"robots\" content=\"index, follow, max-snippet:-1, max-image-preview:large, max-video-preview:-1\" \/>\n<link rel=\"canonical\" href=\"https:\/\/fecomcr.com\/?page_id=813\" \/>\n<meta property=\"og:locale\" content=\"en_US\" \/>\n<meta property=\"og:type\" content=\"article\" \/>\n<meta property=\"og:title\" content=\"Servicios - Federaci\u00f3n Costarricense de los Motores\" \/>\n<meta property=\"og:description\" content=\"[vc_row el_class=&#8221;service_row1&#8243; css=&#8221;.vc_custom_1522807322612{margin-top: 20px !important;margin-bottom: 60px !important;}&#8221;][vc_column width=&#8221;1\/2&#8243; el_class=&#8221;feature_row1&#8243;][\/vc_column][vc_column width=&#8221;1\/2&#8243; el_class=&#8221;text_row1&#8243;][vc_column_text css=&#8221;.vc_custom_1748826943560{margin-bottom: 0px !important;}&#8221;] LICENCIA DEPORTIVA Tr\u00e1mites en l\u00ednea para la licencia deportiva Juramentaci\u00f3n de Pilotos para competencias Internacionales Facilitador del tr\u00e1mite para el seguro de pilotos Otros beneficios dirigidos a la licencia deportiva &nbsp; Ver M\u00e1s [\/vc_column_text][\/vc_column][\/vc_row][vc_row el_class=&#8221;service_row2&#8243; css=&#8221;.vc_custom_1498202469193{margin-top: 30px !important;margin-bottom: 60px !important;}&#8221;][vc_column width=&#8221;1\/2&#8243; [&hellip;]\" \/>\n<meta property=\"og:url\" content=\"https:\/\/fecomcr.com\/?page_id=813\" \/>\n<meta property=\"og:site_name\" content=\"Federaci\u00f3n Costarricense de los Motores\" \/>\n<meta property=\"article:modified_time\" content=\"2025-06-02T01:16:20+00:00\" \/>\n<meta name=\"twitter:card\" content=\"summary_large_image\" \/>\n<meta name=\"twitter:label1\" content=\"Est. reading time\" \/>\n\t<meta name=\"twitter:data1\" content=\"1 minute\" \/>\n<script type=\"application\/ld+json\" class=\"yoast-schema-graph\">{\"@context\":\"https:\/\/schema.org\",\"@graph\":[{\"@type\":\"WebPage\",\"@id\":\"https:\/\/fecomcr.com\/?page_id=813\",\"url\":\"https:\/\/fecomcr.com\/?page_id=813\",\"name\":\"Servicios - Federaci\u00f3n Costarricense de los Motores\",\"isPartOf\":{\"@id\":\"https:\/\/fecomcr.com\/#website\"},\"datePublished\":\"2017-03-20T08:27:50+00:00\",\"dateModified\":\"2025-06-02T01:16:20+00:00\",\"breadcrumb\":{\"@id\":\"https:\/\/fecomcr.com\/?page_id=813#breadcrumb\"},\"inLanguage\":\"en-US\",\"potentialAction\":[{\"@type\":\"ReadAction\",\"target\":[\"https:\/\/fecomcr.com\/?page_id=813\"]}]},{\"@type\":\"BreadcrumbList\",\"@id\":\"https:\/\/fecomcr.com\/?page_id=813#breadcrumb\",\"itemListElement\":[{\"@type\":\"ListItem\",\"position\":1,\"name\":\"Home\",\"item\":\"https:\/\/fecomcr.com\/\"},{\"@type\":\"ListItem\",\"position\":2,\"name\":\"Servicios\"}]},{\"@type\":\"WebSite\",\"@id\":\"https:\/\/fecomcr.com\/#website\",\"url\":\"https:\/\/fecomcr.com\/\",\"name\":\"Federaci\u00f3n Costarricense de los Motores\",\"description\":\"FECOM\",\"potentialAction\":[{\"@type\":\"SearchAction\",\"target\":{\"@type\":\"EntryPoint\",\"urlTemplate\":\"https:\/\/fecomcr.com\/?s={search_term_string}\"},\"query-input\":{\"@type\":\"PropertyValueSpecification\",\"valueRequired\":true,\"valueName\":\"search_term_string\"}}],\"inLanguage\":\"en-US\"}]}<\/script>\n<!-- \/ Yoast SEO plugin. -->","yoast_head_json":{"title":"Servicios - Federaci\u00f3n Costarricense de los Motores","robots":{"index":"index","follow":"follow","max-snippet":"max-snippet:-1","max-image-preview":"max-image-preview:large","max-video-preview":"max-video-preview:-1"},"canonical":"https:\/\/fecomcr.com\/?page_id=813","og_locale":"en_US","og_type":"article","og_title":"Servicios - Federaci\u00f3n Costarricense de los Motores","og_description":"[vc_row el_class=&#8221;service_row1&#8243; css=&#8221;.vc_custom_1522807322612{margin-top: 20px !important;margin-bottom: 60px !important;}&#8221;][vc_column width=&#8221;1\/2&#8243; el_class=&#8221;feature_row1&#8243;][\/vc_column][vc_column width=&#8221;1\/2&#8243; el_class=&#8221;text_row1&#8243;][vc_column_text css=&#8221;.vc_custom_1748826943560{margin-bottom: 0px !important;}&#8221;] LICENCIA DEPORTIVA Tr\u00e1mites en l\u00ednea para la licencia deportiva Juramentaci\u00f3n de Pilotos para competencias Internacionales Facilitador del tr\u00e1mite para el seguro de pilotos Otros beneficios dirigidos a la licencia deportiva &nbsp; Ver M\u00e1s [\/vc_column_text][\/vc_column][\/vc_row][vc_row el_class=&#8221;service_row2&#8243; css=&#8221;.vc_custom_1498202469193{margin-top: 30px !important;margin-bottom: 60px !important;}&#8221;][vc_column width=&#8221;1\/2&#8243; [&hellip;]","og_url":"https:\/\/fecomcr.com\/?page_id=813","og_site_name":"Federaci\u00f3n Costarricense de los Motores","article_modified_time":"2025-06-02T01:16:20+00:00","twitter_card":"summary_large_image","twitter_misc":{"Est. reading time":"1 minute"},"schema":{"@context":"https:\/\/schema.org","@graph":[{"@type":"WebPage","@id":"https:\/\/fecomcr.com\/?page_id=813","url":"https:\/\/fecomcr.com\/?page_id=813","name":"Servicios - Federaci\u00f3n Costarricense de los Motores","isPartOf":{"@id":"https:\/\/fecomcr.com\/#website"},"datePublished":"2017-03-20T08:27:50+00:00","dateModified":"2025-06-02T01:16:20+00:00","breadcrumb":{"@id":"https:\/\/fecomcr.com\/?page_id=813#breadcrumb"},"inLanguage":"en-US","potentialAction":[{"@type":"ReadAction","target":["https:\/\/fecomcr.com\/?page_id=813"]}]},{"@type":"BreadcrumbList","@id":"https:\/\/fecomcr.com\/?page_id=813#breadcrumb","itemListElement":[{"@type":"ListItem","position":1,"name":"Home","item":"https:\/\/fecomcr.com\/"},{"@type":"ListItem","position":2,"name":"Servicios"}]},{"@type":"WebSite","@id":"https:\/\/fecomcr.com\/#website","url":"https:\/\/fecomcr.com\/","name":"Federaci\u00f3n Costarricense de los Motores","description":"FECOM","potentialAction":[{"@type":"SearchAction","target":{"@type":"EntryPoint","urlTemplate":"https:\/\/fecomcr.com\/?s={search_term_string}"},"query-input":{"@type":"PropertyValueSpecification","valueRequired":true,"valueName":"search_term_string"}}],"inLanguage":"en-US"}]}},"jetpack_sharing_enabled":true,"_links":{"self":[{"href":"https:\/\/fecomcr.com\/index.php?rest_route=\/wp\/v2\/pages\/813","targetHints":{"allow":["GET"]}}],"collection":[{"href":"https:\/\/fecomcr.com\/index.php?rest_route=\/wp\/v2\/pages"}],"about":[{"href":"https:\/\/fecomcr.com\/index.php?rest_route=\/wp\/v2\/types\/page"}],"author":[{"embeddable":true,"href":"https:\/\/fecomcr.com\/index.php?rest_route=\/wp\/v2\/users\/1"}],"replies":[{"embeddable":true,"href":"https:\/\/fecomcr.com\/index.php?rest_route=%2Fwp%2Fv2%2Fcomments&post=813"}],"version-history":[{"count":6,"href":"https:\/\/fecomcr.com\/index.php?rest_route=\/wp\/v2\/pages\/813\/revisions"}],"predecessor-version":[{"id":15108,"href":"https:\/\/fecomcr.com\/index.php?rest_route=\/wp\/v2\/pages\/813\/revisions\/15108"}],"wp:attachment":[{"href":"https:\/\/fecomcr.com\/index.php?rest_route=%2Fwp%2Fv2%2Fmedia&parent=813"}],"curies":[{"name":"wp","href":"https:\/\/api.w.org\/{rel}","templated":true}]}}