{"id":742,"date":"2017-03-20T01:57:25","date_gmt":"2017-03-20T01:57:25","guid":{"rendered":"https:\/\/fecomcr.com\/.1.134\/ornaldo2\/\/\/\/?page_id=742"},"modified":"2025-05-13T04:02:05","modified_gmt":"2025-05-13T04:02:05","slug":"about-us","status":"publish","type":"page","link":"https:\/\/fecomcr.com\/?page_id=742","title":{"rendered":"Fecom"},"content":{"rendered":"<div class=\"wpb-content-wrapper\"><p>[vc_row css=&#8221;.vc_custom_1494840085149{margin-top: 15px !important;margin-bottom: 30px !important;}&#8221; el_class=&#8221;about-us&#8221;][vc_column]<div class=\"ftc-heading heading-1 style-1\"><h1>Los Primeros Kil\u00f3metros<\/h1><\/div>[\/vc_column][vc_column width=&#8221;1\/2&#8243;][vc_column_text css=&#8221;.vc_custom_1744078230724{margin-bottom: 0px !important;}&#8221;]El 25 de abril de 2001 marc\u00f3 un hito para el automovilismo nacional. Ese d\u00eda, el <strong>Consejo Nacional de Deportes<\/strong> otorg\u00f3 a FECOM la Representaci\u00f3n Nacional del deporte motor en todas sus modalidades: automovilismo de cuatro ruedas o m\u00e1s, kartismo, cuadraciclos y n\u00e1utica. Con esta designaci\u00f3n, la <strong>Asociaci\u00f3n Costarricense de Automovilismo (ACEA)<\/strong> evolucion\u00f3 y adopt\u00f3 su nuevo nombre <strong>Federaci\u00f3n Costarricense de los Motores (FECOM)<\/strong>, consolid\u00e1ndose como el ente rector del deporte en el pa\u00eds.<\/p>\n<p>No pas\u00f3 mucho tiempo antes de que se establecieran las bases reglamentarias necesarias para fortalecer la organizaci\u00f3n. El <strong>5 de mayo del 2001<\/strong>, en una Asamblea General Extraordinaria, se aprob\u00f3 el primer<strong> C\u00f3digo Deportivo Nacional (CDN)<\/strong>, alineado con las normativas internacionales de la Federaci\u00f3n Internacional de Automovilismo (FIA). Este documento permiti\u00f3 estructurar y organizar todos los eventos oficiales del deporte motor en Costa Rica. Finalmente, el <strong>22 de noviembre del 2001<\/strong>, FECOM qued\u00f3 formalmente inscrita ante el <strong>Instituto Costarricense del Deporte y la Recreaci\u00f3n (ICODER)<\/strong> y el <strong>Registro Nacional de Costa Rica<\/strong>.<\/p>\n<p>En agosto del 2023, el nombre FECOM queda inscrito como \u201cmarca registrada\u201d ante el Registro Nacional, as\u00ed como el cambio de raz\u00f3n social, pasando a ser <strong>Federaci\u00f3n Costarricense de Automovilismo y Motores<\/strong>.[\/vc_column_text][\/vc_column][vc_column width=&#8221;1\/2&#8243; el_class=&#8221;ab-img&#8221;]\t\t<div class=\"ftc-smooth-image smooth-image ftc-smooth\">\n\t\t\t\t\t\t\t\t<img fetchpriority=\"high\" decoding=\"async\" width=\"2048\" height=\"1365\" src=\"https:\/\/fecomcr.com\/wp-content\/uploads\/2017\/12\/Foto-Pagina-en-Construccion-1.jpg\" class=\"img wp-post-image\" alt=\"\" srcset=\"https:\/\/fecomcr.com\/wp-content\/uploads\/2017\/12\/Foto-Pagina-en-Construccion-1.jpg 2048w, https:\/\/fecomcr.com\/wp-content\/uploads\/2017\/12\/Foto-Pagina-en-Construccion-1-300x200.jpg 300w, https:\/\/fecomcr.com\/wp-content\/uploads\/2017\/12\/Foto-Pagina-en-Construccion-1-1024x683.jpg 1024w, https:\/\/fecomcr.com\/wp-content\/uploads\/2017\/12\/Foto-Pagina-en-Construccion-1-768x512.jpg 768w, https:\/\/fecomcr.com\/wp-content\/uploads\/2017\/12\/Foto-Pagina-en-Construccion-1-1536x1024.jpg 1536w, https:\/\/fecomcr.com\/wp-content\/uploads\/2017\/12\/Foto-Pagina-en-Construccion-1-600x400.jpg 600w\" sizes=\"(max-width: 2048px) 100vw, 2048px\" \/> \n\t\t\t\t\t\t\t<\/div>\n\t\t\t[\/vc_column][\/vc_row][vc_row el_class=&#8221;about-us&#8221;][vc_column]<div class=\"ftc-heading heading-1 style-1\"><h1>Reconocimiento y Crecimiento<\/h1><\/div>[\/vc_column][vc_column offset=&#8221;vc_col-md-6&#8243;][vc_progress_bar values=&#8221;%5B%7B%22label%22%3A%22Transparencia%22%2C%22value%22%3A%22100%22%2C%22color%22%3A%22bar_orange%22%7D%2C%7B%22label%22%3A%22Fomento%20del%20deporte%22%2C%22value%22%3A%22100%22%2C%22color%22%3A%22bar_orange%22%7D%2C%7B%22label%22%3A%22Capacitaci%C3%B3n%22%2C%22value%22%3A%2290%22%2C%22color%22%3A%22bar_orange%22%7D%2C%7B%22label%22%3A%22Masificaci%C3%B3n%20del%20Deporte%22%2C%22value%22%3A%2290%22%2C%22color%22%3A%22bar_orange%22%7D%5D&#8221; options=&#8221;animated&#8221; css_animation=&#8221;fadeIn&#8221; css=&#8221;&#8221;][\/vc_column][vc_column offset=&#8221;vc_col-md-6&#8243;][vc_column_text css=&#8221;&#8221;]La legalidad y autonom\u00eda de FECOM se consolidaron el <strong>28 de agosto del 2001<\/strong>, cuando fue inscrita en el Registro de Asociaciones del <strong>Registro Nacional de Costa Rica<\/strong> con el expediente n\u00famero 12982 y c\u00e9dula jur\u00eddica #3-002-288647. Desde entonces, se rige bajo la <strong>Ley 7800 del Deporte y la Recreaci\u00f3n<\/strong>, as\u00ed como los lineamientos de ICODER, otorgando el poder exclusivo de oficializar cualquier evento de motores en el pa\u00eds y designar delegaciones costarricenses para competir en el extranjero.<\/p>\n<p>El reconocimiento a su labor no tard\u00f3 en llegar. El <strong>14 de julio de 2005<\/strong>, el <strong>Consejo Nacional del Deporte y la Recreaci\u00f3n<\/strong> declar\u00f3 a FECOM como una federaci\u00f3n con<strong> Utilidad P\u00fablica<\/strong>. Este reconocimiento qued\u00f3 en firme en agosto del mismo a\u00f1o.<\/p>\n<p>El a\u00f1o 2007 trajo consigo una modernizaci\u00f3n de los reglamentos de FECOM. Se implement\u00f3 un <strong>C\u00f3digo de \u00c9tica Deportiva<\/strong> y se actualiz\u00f3 el <strong>C\u00f3digo Deportivo Nacional<\/strong>, garantizando una estructura organizativa alineada con las mejores pr\u00e1cticas internacionales.<\/p>\n<p>En mayo del 2012, la Federaci\u00f3n alcanz\u00f3 un nuevo logro al instalar sus oficinas en el <strong>Estadio Nacional<\/strong>, uni\u00e9ndose as\u00ed a otras federaciones deportivas nacionales.[\/vc_column_text][\/vc_column][\/vc_row][vc_row full_width=&#8221;stretch_row&#8221;][vc_column]<div class=\"ftc-heading heading-1 style-1\"><h1>Conozca Nuestro Equipo de Trabajo<\/h1><\/div>[\/vc_column][\/vc_row][vc_row css=&#8221;.vc_custom_1513234583800{margin-bottom: 10px !important;}&#8221; el_class=&#8221;about-us-group&#8221;][vc_column width=&#8221;1\/4&#8243;]\t\t\t<div class=\"ftc-team-member style-1\">\n\t\t\t\t<div class=\"content-info\">\n\t\t\t\t\t\t\t\t\t\t\t<div class=\"image-thumbnail\">\n\t\t\t\t\t\t\t<figure>\n\t\t\t\t\t\t\t\t<img decoding=\"async\" width=\"300\" height=\"300\" src=\"https:\/\/fecomcr.com\/wp-content\/uploads\/2017\/12\/Siluetas-Mujer-Redonda-300x300.png\" class=\"attachment-ftc_team_thumb size-ftc_team_thumb wp-post-image wp-post-image\" alt=\"\" srcset=\"https:\/\/fecomcr.com\/wp-content\/uploads\/2017\/12\/Siluetas-Mujer-Redonda-300x300.png 300w, https:\/\/fecomcr.com\/wp-content\/uploads\/2017\/12\/Siluetas-Mujer-Redonda-150x150.png 150w, https:\/\/fecomcr.com\/wp-content\/uploads\/2017\/12\/Siluetas-Mujer-Redonda-100x100.png 100w\" sizes=\"(max-width: 300px) 100vw, 300px\" \/>\t\t\t\t\t\t\t<\/figure>\n\t\t\t\t\t\t\t<div class=\"socials\">\n\t\t\t\t\t\t\t\t<ul>\n\t\t\t\t\t\t\t\t\t<li><a class=\"facebook\" href=\"https:\/\/www.facebook.com\/fecomcr\/\" target=\"_blank\"><i class=\"fa fa-facebook\"><\/i><\/a><\/li><li><a class=\"instagram\" href=\"https:\/\/www.instagram.com\/fecomcr\/\" target=\"_blank\"><i class=\"fa fa-instagram\"><\/i><\/a><\/li>\t\t\t\t\t\t\t\t<\/ul>\n\t\t\t\t\t\t\t<\/div>\n\t\t\t\t\t\t<\/div>\n\t\t\t\t\t\t\t\t\t\t\n\t\t\t\t\t<header>\n\t\t\t\t\t\t<h3><a class=\"name\" href=\"#\">Karla Garc\u00eda<\/a><\/h3>\n\t\t\t\t\t\t<span class=\"role\">Gestora Administrativa<\/span>\n\t\t\t\t\t\t<div class=\"excerpt\"><\/div>\n\t\t\t\t\t<\/header>\n\t\t\t\t<\/div>\t\t\t\t\n\t\t\t<\/div>\n\t\t\t[\/vc_column][vc_column width=&#8221;1\/4&#8243;]\t\t\t<div class=\"ftc-team-member style-1\">\n\t\t\t\t<div class=\"content-info\">\n\t\t\t\t\t\t\t\t\t\t\t<div class=\"image-thumbnail\">\n\t\t\t\t\t\t\t<figure>\n\t\t\t\t\t\t\t\t<img decoding=\"async\" width=\"300\" height=\"300\" src=\"https:\/\/fecomcr.com\/wp-content\/uploads\/2017\/12\/Siluetas-Mujer-Redonda-300x300.png\" class=\"attachment-ftc_team_thumb size-ftc_team_thumb wp-post-image wp-post-image\" alt=\"\" srcset=\"https:\/\/fecomcr.com\/wp-content\/uploads\/2017\/12\/Siluetas-Mujer-Redonda-300x300.png 300w, https:\/\/fecomcr.com\/wp-content\/uploads\/2017\/12\/Siluetas-Mujer-Redonda-150x150.png 150w, https:\/\/fecomcr.com\/wp-content\/uploads\/2017\/12\/Siluetas-Mujer-Redonda-100x100.png 100w\" sizes=\"(max-width: 300px) 100vw, 300px\" \/>\t\t\t\t\t\t\t<\/figure>\n\t\t\t\t\t\t\t<div class=\"socials\">\n\t\t\t\t\t\t\t\t<ul>\n\t\t\t\t\t\t\t\t\t<li><a class=\"facebook\" href=\"https:\/\/www.facebook.com\/fecomcr\/\" target=\"_blank\"><i class=\"fa fa-facebook\"><\/i><\/a><\/li><li><a class=\"instagram\" href=\"https:\/\/www.instagram.com\/fecomcr\/\" target=\"_blank\"><i class=\"fa fa-instagram\"><\/i><\/a><\/li>\t\t\t\t\t\t\t\t<\/ul>\n\t\t\t\t\t\t\t<\/div>\n\t\t\t\t\t\t<\/div>\n\t\t\t\t\t\t\t\t\t\t\n\t\t\t\t\t<header>\n\t\t\t\t\t\t<h3><a class=\"name\" href=\"#\">Ver\u00f3nica De Le\u00f3n<\/a><\/h3>\n\t\t\t\t\t\t<span class=\"role\">Asistente Administrativa: <\/span>\n\t\t\t\t\t\t<div class=\"excerpt\"><\/div>\n\t\t\t\t\t<\/header>\n\t\t\t\t<\/div>\t\t\t\t\n\t\t\t<\/div>\n\t\t\t[\/vc_column][vc_column width=&#8221;1\/4&#8243;]\t\t\t<div class=\"ftc-team-member style-1\">\n\t\t\t\t<div class=\"content-info\">\n\t\t\t\t\t\t\t\t\t\t\n\t\t\t\t\t<header>\n\t\t\t\t\t\t<h3><a class=\"name\" href=\"#\">Ms Henry<\/a><\/h3>\n\t\t\t\t\t\t<span class=\"role\">Designer Team<\/span>\n\t\t\t\t\t\t<div class=\"excerpt\"><\/div>\n\t\t\t\t\t<\/header>\n\t\t\t\t<\/div>\t\t\t\t\n\t\t\t<\/div>\n\t\t\t[\/vc_column][vc_column width=&#8221;1\/4&#8243;]\t\t\t<div class=\"ftc-team-member style-1\">\n\t\t\t\t<div class=\"content-info\">\n\t\t\t\t\t\t\t\t\t\t\n\t\t\t\t\t<header>\n\t\t\t\t\t\t<h3><a class=\"name\" href=\"#\">Rokan Tech<\/a><\/h3>\n\t\t\t\t\t\t<span class=\"role\">Developer<\/span>\n\t\t\t\t\t\t<div class=\"excerpt\"><\/div>\n\t\t\t\t\t<\/header>\n\t\t\t\t<\/div>\t\t\t\t\n\t\t\t<\/div>\n\t\t\t[\/vc_column][\/vc_row]<\/p>\n<\/div>","protected":false},"excerpt":{"rendered":"<p>[vc_row css=&#8221;.vc_custom_1494840085149{margin-top: 15px !important;margin-bottom: 30px !important;}&#8221; el_class=&#8221;about-us&#8221;][vc_column][\/vc_column][vc_column width=&#8221;1\/2&#8243;][vc_column_text css=&#8221;.vc_custom_1744078230724{margin-bottom: 0px !important;}&#8221;]El 25 de abril de 2001 marc\u00f3 un hito para el automovilismo nacional. Ese d\u00eda, el Consejo Nacional de Deportes otorg\u00f3 a FECOM la Representaci\u00f3n Nacional del deporte motor en todas sus modalidades: automovilismo de cuatro ruedas o m\u00e1s, kartismo, cuadraciclos y n\u00e1utica. Con esta [&hellip;]<\/p>\n","protected":false},"author":1,"featured_media":0,"parent":0,"menu_order":0,"comment_status":"closed","ping_status":"closed","template":"","meta":{"footnotes":""},"class_list":["post-742","page","type-page","status-publish","hentry"],"aioseo_notices":[],"yoast_head":"<!-- This site is optimized with the Yoast SEO plugin v24.8.1 - https:\/\/yoast.com\/wordpress\/plugins\/seo\/ -->\n<title>Fecom - Federaci\u00f3n Costarricense de los Motores<\/title>\n<meta name=\"robots\" content=\"index, follow, max-snippet:-1, max-image-preview:large, max-video-preview:-1\" \/>\n<link rel=\"canonical\" href=\"https:\/\/fecomcr.com\/?page_id=742\" \/>\n<meta property=\"og:locale\" content=\"en_US\" \/>\n<meta property=\"og:type\" content=\"article\" \/>\n<meta property=\"og:title\" content=\"Fecom - Federaci\u00f3n Costarricense de los Motores\" \/>\n<meta property=\"og:description\" content=\"[vc_row css=&#8221;.vc_custom_1494840085149{margin-top: 15px !important;margin-bottom: 30px !important;}&#8221; el_class=&#8221;about-us&#8221;][vc_column][\/vc_column][vc_column width=&#8221;1\/2&#8243;][vc_column_text css=&#8221;.vc_custom_1744078230724{margin-bottom: 0px !important;}&#8221;]El 25 de abril de 2001 marc\u00f3 un hito para el automovilismo nacional. Ese d\u00eda, el Consejo Nacional de Deportes otorg\u00f3 a FECOM la Representaci\u00f3n Nacional del deporte motor en todas sus modalidades: automovilismo de cuatro ruedas o m\u00e1s, kartismo, cuadraciclos y n\u00e1utica. Con esta [&hellip;]\" \/>\n<meta property=\"og:url\" content=\"https:\/\/fecomcr.com\/?page_id=742\" \/>\n<meta property=\"og:site_name\" content=\"Federaci\u00f3n Costarricense de los Motores\" \/>\n<meta property=\"article:modified_time\" content=\"2025-05-13T04:02:05+00:00\" \/>\n<meta name=\"twitter:card\" content=\"summary_large_image\" \/>\n<meta name=\"twitter:label1\" content=\"Est. reading time\" \/>\n\t<meta name=\"twitter:data1\" content=\"3 minutes\" \/>\n<script type=\"application\/ld+json\" class=\"yoast-schema-graph\">{\"@context\":\"https:\/\/schema.org\",\"@graph\":[{\"@type\":\"WebPage\",\"@id\":\"https:\/\/fecomcr.com\/?page_id=742\",\"url\":\"https:\/\/fecomcr.com\/?page_id=742\",\"name\":\"Fecom - Federaci\u00f3n Costarricense de los Motores\",\"isPartOf\":{\"@id\":\"https:\/\/fecomcr.com\/#website\"},\"datePublished\":\"2017-03-20T01:57:25+00:00\",\"dateModified\":\"2025-05-13T04:02:05+00:00\",\"breadcrumb\":{\"@id\":\"https:\/\/fecomcr.com\/?page_id=742#breadcrumb\"},\"inLanguage\":\"en-US\",\"potentialAction\":[{\"@type\":\"ReadAction\",\"target\":[\"https:\/\/fecomcr.com\/?page_id=742\"]}]},{\"@type\":\"BreadcrumbList\",\"@id\":\"https:\/\/fecomcr.com\/?page_id=742#breadcrumb\",\"itemListElement\":[{\"@type\":\"ListItem\",\"position\":1,\"name\":\"Home\",\"item\":\"https:\/\/fecomcr.com\/\"},{\"@type\":\"ListItem\",\"position\":2,\"name\":\"Fecom\"}]},{\"@type\":\"WebSite\",\"@id\":\"https:\/\/fecomcr.com\/#website\",\"url\":\"https:\/\/fecomcr.com\/\",\"name\":\"Federaci\u00f3n Costarricense de los Motores\",\"description\":\"FECOM\",\"potentialAction\":[{\"@type\":\"SearchAction\",\"target\":{\"@type\":\"EntryPoint\",\"urlTemplate\":\"https:\/\/fecomcr.com\/?s={search_term_string}\"},\"query-input\":{\"@type\":\"PropertyValueSpecification\",\"valueRequired\":true,\"valueName\":\"search_term_string\"}}],\"inLanguage\":\"en-US\"}]}<\/script>\n<!-- \/ Yoast SEO plugin. -->","yoast_head_json":{"title":"Fecom - Federaci\u00f3n Costarricense de los Motores","robots":{"index":"index","follow":"follow","max-snippet":"max-snippet:-1","max-image-preview":"max-image-preview:large","max-video-preview":"max-video-preview:-1"},"canonical":"https:\/\/fecomcr.com\/?page_id=742","og_locale":"en_US","og_type":"article","og_title":"Fecom - Federaci\u00f3n Costarricense de los Motores","og_description":"[vc_row css=&#8221;.vc_custom_1494840085149{margin-top: 15px !important;margin-bottom: 30px !important;}&#8221; el_class=&#8221;about-us&#8221;][vc_column][\/vc_column][vc_column width=&#8221;1\/2&#8243;][vc_column_text css=&#8221;.vc_custom_1744078230724{margin-bottom: 0px !important;}&#8221;]El 25 de abril de 2001 marc\u00f3 un hito para el automovilismo nacional. Ese d\u00eda, el Consejo Nacional de Deportes otorg\u00f3 a FECOM la Representaci\u00f3n Nacional del deporte motor en todas sus modalidades: automovilismo de cuatro ruedas o m\u00e1s, kartismo, cuadraciclos y n\u00e1utica. Con esta [&hellip;]","og_url":"https:\/\/fecomcr.com\/?page_id=742","og_site_name":"Federaci\u00f3n Costarricense de los Motores","article_modified_time":"2025-05-13T04:02:05+00:00","twitter_card":"summary_large_image","twitter_misc":{"Est. reading time":"3 minutes"},"schema":{"@context":"https:\/\/schema.org","@graph":[{"@type":"WebPage","@id":"https:\/\/fecomcr.com\/?page_id=742","url":"https:\/\/fecomcr.com\/?page_id=742","name":"Fecom - Federaci\u00f3n Costarricense de los Motores","isPartOf":{"@id":"https:\/\/fecomcr.com\/#website"},"datePublished":"2017-03-20T01:57:25+00:00","dateModified":"2025-05-13T04:02:05+00:00","breadcrumb":{"@id":"https:\/\/fecomcr.com\/?page_id=742#breadcrumb"},"inLanguage":"en-US","potentialAction":[{"@type":"ReadAction","target":["https:\/\/fecomcr.com\/?page_id=742"]}]},{"@type":"BreadcrumbList","@id":"https:\/\/fecomcr.com\/?page_id=742#breadcrumb","itemListElement":[{"@type":"ListItem","position":1,"name":"Home","item":"https:\/\/fecomcr.com\/"},{"@type":"ListItem","position":2,"name":"Fecom"}]},{"@type":"WebSite","@id":"https:\/\/fecomcr.com\/#website","url":"https:\/\/fecomcr.com\/","name":"Federaci\u00f3n Costarricense de los Motores","description":"FECOM","potentialAction":[{"@type":"SearchAction","target":{"@type":"EntryPoint","urlTemplate":"https:\/\/fecomcr.com\/?s={search_term_string}"},"query-input":{"@type":"PropertyValueSpecification","valueRequired":true,"valueName":"search_term_string"}}],"inLanguage":"en-US"}]}},"jetpack_sharing_enabled":true,"_links":{"self":[{"href":"https:\/\/fecomcr.com\/index.php?rest_route=\/wp\/v2\/pages\/742","targetHints":{"allow":["GET"]}}],"collection":[{"href":"https:\/\/fecomcr.com\/index.php?rest_route=\/wp\/v2\/pages"}],"about":[{"href":"https:\/\/fecomcr.com\/index.php?rest_route=\/wp\/v2\/types\/page"}],"author":[{"embeddable":true,"href":"https:\/\/fecomcr.com\/index.php?rest_route=\/wp\/v2\/users\/1"}],"replies":[{"embeddable":true,"href":"https:\/\/fecomcr.com\/index.php?rest_route=%2Fwp%2Fv2%2Fcomments&post=742"}],"version-history":[{"count":10,"href":"https:\/\/fecomcr.com\/index.php?rest_route=\/wp\/v2\/pages\/742\/revisions"}],"predecessor-version":[{"id":14971,"href":"https:\/\/fecomcr.com\/index.php?rest_route=\/wp\/v2\/pages\/742\/revisions\/14971"}],"wp:attachment":[{"href":"https:\/\/fecomcr.com\/index.php?rest_route=%2Fwp%2Fv2%2Fmedia&parent=742"}],"curies":[{"name":"wp","href":"https:\/\/api.w.org\/{rel}","templated":true}]}}