{"id":10310,"date":"2021-07-02T14:51:50","date_gmt":"2021-07-02T07:51:50","guid":{"rendered":"https:\/\/fecomcr.com\/?page_id=10310"},"modified":"2025-06-02T00:27:55","modified_gmt":"2025-06-02T00:27:55","slug":"accordion-images","status":"publish","type":"page","link":"https:\/\/fecomcr.com\/?page_id=10310","title":{"rendered":"Galer\u00eda"},"content":{"rendered":"\t\t<div data-elementor-type=\"wp-page\" data-elementor-id=\"10310\" class=\"elementor elementor-10310\">\n\t\t\t\t\t\t<section class=\"elementor-section elementor-top-section elementor-element elementor-element-7a5a7c97 elementor-section-boxed elementor-section-height-default elementor-section-height-default selection-is-not-sticked\" data-id=\"7a5a7c97\" data-element_type=\"section\">\n\t\t\t\t\t\t<div class=\"elementor-container elementor-column-gap-default\">\n\t\t\t\t\t<div class=\"elementor-column elementor-col-100 elementor-top-column elementor-element elementor-element-6223f847\" data-id=\"6223f847\" data-element_type=\"column\">\n\t\t\t<div class=\"elementor-widget-wrap elementor-element-populated\">\n\t\t\t\t\t\t<div class=\"elementor-element elementor-element-375ab5bd elementor-widget elementor-widget-spacer\" data-id=\"375ab5bd\" data-element_type=\"widget\" data-widget_type=\"spacer.default\">\n\t\t\t\t<div class=\"elementor-widget-container\">\n\t\t\t\t\t\t\t<div class=\"elementor-spacer\">\n\t\t\t<div class=\"elementor-spacer-inner\"><\/div>\n\t\t<\/div>\n\t\t\t\t\t\t<\/div>\n\t\t\t\t<\/div>\n\t\t\t\t\t<\/div>\n\t\t<\/div>\n\t\t\t\t\t<\/div>\n\t\t<\/section>\n\t\t\t\t<section class=\"elementor-section elementor-top-section elementor-element elementor-element-2deb7dd2 elementor-section-boxed elementor-section-height-default elementor-section-height-default selection-is-not-sticked\" data-id=\"2deb7dd2\" data-element_type=\"section\">\n\t\t\t\t\t\t<div class=\"elementor-container elementor-column-gap-default\">\n\t\t\t\t\t<div class=\"elementor-column elementor-col-100 elementor-top-column elementor-element elementor-element-6878980c\" data-id=\"6878980c\" data-element_type=\"column\">\n\t\t\t<div class=\"elementor-widget-wrap elementor-element-populated\">\n\t\t\t\t\t\t<div class=\"elementor-element elementor-element-20c14cf elementor-widget elementor-widget-heading\" data-id=\"20c14cf\" data-element_type=\"widget\" data-widget_type=\"heading.default\">\n\t\t\t\t<div class=\"elementor-widget-container\">\n\t\t\t\t\t<h3 class=\"elementor-heading-title elementor-size-default\">Galer\u00eda de Imag\u00e9nes Afiliadas<\/h3>\t\t\t\t<\/div>\n\t\t\t\t<\/div>\n\t\t\t\t<div class=\"elementor-element elementor-element-560682f5 elementor-widget-divider--view-line_icon elementor-view-default elementor-widget-divider--element-align-center elementor-widget elementor-widget-divider\" data-id=\"560682f5\" data-element_type=\"widget\" data-widget_type=\"divider.default\">\n\t\t\t\t<div class=\"elementor-widget-container\">\n\t\t\t\t\t\t\t<div class=\"elementor-divider\">\n\t\t\t<span class=\"elementor-divider-separator\">\n\t\t\t\t\t\t\t<div class=\"elementor-icon elementor-divider__element\">\n\t\t\t\t\t<svg aria-hidden=\"true\" class=\"e-font-icon-svg e-fas-star-of-david\" viewBox=\"0 0 464 512\" xmlns=\"http:\/\/www.w3.org\/2000\/svg\"><path d=\"M405.68 256l53.21-89.39C473.3 142.4 455.48 112 426.88 112H319.96l-55.95-93.98C256.86 6.01 244.43 0 232 0s-24.86 6.01-32.01 18.02L144.04 112H37.11c-28.6 0-46.42 30.4-32.01 54.61L58.32 256 5.1 345.39C-9.31 369.6 8.51 400 37.11 400h106.93l55.95 93.98C207.14 505.99 219.57 512 232 512s24.86-6.01 32.01-18.02L319.96 400h106.93c28.6 0 46.42-30.4 32.01-54.61L405.68 256zm-12.78-88l-19.8 33.26L353.3 168h39.6zm-52.39 88l-52.39 88H175.88l-52.39-88 52.38-88h112.25l52.39 88zM232 73.72L254.79 112h-45.57L232 73.72zM71.1 168h39.6l-19.8 33.26L71.1 168zm0 176l19.8-33.26L110.7 344H71.1zM232 438.28L209.21 400h45.57L232 438.28zM353.29 344l19.8-33.26L392.9 344h-39.61z\"><\/path><\/svg><\/div>\n\t\t\t\t\t\t<\/span>\n\t\t<\/div>\n\t\t\t\t\t\t<\/div>\n\t\t\t\t<\/div>\n\t\t\t\t<div class=\"elementor-element elementor-element-3f697206 elementor-widget elementor-widget-ftc-image-accordion\" data-id=\"3f697206\" data-element_type=\"widget\" data-widget_type=\"ftc-image-accordion.default\">\n\t\t\t\t<div class=\"elementor-widget-container\">\n\t\t\t\t\t<div class=\"ftc-img-accordion accordion-direction-horizontal ftc-img-accordion-horizontal-align-center ftc-img-accordion-vertical-align-center\" data-img-accordion-id=\"3f697206\" data-img-accordion-type=\"on-hover\" id=\"ftc-img-accordion-3f697206\"><a\r\n                    href=\"#\/\"  \r\n                    style=\"background-image: url(https:\/\/fecomcr.com\/wp-content\/uploads\/2024\/12\/RALLY4.jpg);\"\r\n                    \r\n                >\r\n\t\t            <div class=\"overlay\">\r\n\t\t                <div class=\"overlay-inner\">\r\n                            <div class=\"overlay-inner\">\r\n                                <h2>Rally<\/h2>\r\n                                <p><p>Rally !<\/p><\/p>\r\n                            <\/div>\r\n                        <\/div>\r\n\t\t            <\/div>\r\n\t\t          <\/a><a\r\n                    href=\"#\/\"  \r\n                    style=\"background-image: url(https:\/\/fecomcr.com\/wp-content\/uploads\/2017\/12\/TRIAL4-scaled.jpg);\"\r\n                    \r\n                >\r\n\t\t            <div class=\"overlay\">\r\n\t\t                <div class=\"overlay-inner\">\r\n                            <div class=\"overlay-inner\">\r\n                                <h2>Desafio<\/h2>\r\n                                <p><p>Desafio !<\/p><\/p>\r\n                            <\/div>\r\n                        <\/div>\r\n\t\t            <\/div>\r\n\t\t          <\/a><a\r\n                    href=\"#\/\"  \r\n                    style=\"background-image: url(https:\/\/fecomcr.com\/wp-content\/uploads\/2017\/12\/Foto-Pagina-en-Construccion-1.jpg);\"\r\n                    \r\n                >\r\n\t\t            <div class=\"overlay\">\r\n\t\t                <div class=\"overlay-inner\">\r\n                            <div class=\"overlay-inner\">\r\n                                <h2>Circuito<\/h2>\r\n                                <p><p>Circuito!<\/p><\/p>\r\n                            <\/div>\r\n                        <\/div>\r\n\t\t            <\/div>\r\n\t\t          <\/a><a\r\n                    href=\"#\/\"  \r\n                    style=\"background-image: url(https:\/\/fecomcr.com\/wp-content\/uploads\/2024\/12\/AUTOMODELISMO-OFF-ROAD2.jpg);\"\r\n                    \r\n                >\r\n\t\t            <div class=\"overlay\">\r\n\t\t                <div class=\"overlay-inner\">\r\n                            <div class=\"overlay-inner\">\r\n                                <h2>RC<\/h2>\r\n                                <p><\/p>\r\n                            <\/div>\r\n                        <\/div>\r\n\t\t            <\/div>\r\n\t\t          <\/a><a\r\n                    href=\"#\/\"  \r\n                    style=\"background-image: url(https:\/\/fecomcr.com\/wp-content\/uploads\/2017\/12\/NAUTICA.jpg);\"\r\n                    \r\n                >\r\n\t\t            <div class=\"overlay\">\r\n\t\t                <div class=\"overlay-inner\">\r\n                            <div class=\"overlay-inner\">\r\n                                <h2>Nautica<\/h2>\r\n                                <p><p>Nautica !<\/p><\/p>\r\n                            <\/div>\r\n                        <\/div>\r\n\t\t            <\/div>\r\n\t\t          <\/a><a\r\n                    href=\"#\/\"  \r\n                    style=\"background-image: url(https:\/\/fecomcr.com\/wp-content\/uploads\/2024\/12\/CUADRAS2-scaled.jpg);\"\r\n                    \r\n                >\r\n\t\t            <div class=\"overlay\">\r\n\t\t                <div class=\"overlay-inner\">\r\n                            <div class=\"overlay-inner\">\r\n                                <h2>Cuadras<\/h2>\r\n                                <p><p>Cuadras!<\/p><\/p>\r\n                            <\/div>\r\n                        <\/div>\r\n\t\t            <\/div>\r\n\t\t          <\/a><\/div><style typr=\"text\/css\">\r\n                    #ftc-img-accordion-3f697206 a:hover {\r\n                        flex: 3 1 0% !important;\r\n                    }\r\n                    #ftc-img-accordion-3f697206 a:hover .overlay-inner * {\r\n                        opacity: 1;\r\n                        visibility: visible;\r\n                        transform: none;\r\n                        transition: all .3s .3s;\r\n                    }\r\n                <\/style>\t\t\t\t<\/div>\n\t\t\t\t<\/div>\n\t\t\t\t\t<\/div>\n\t\t<\/div>\n\t\t\t\t\t<\/div>\n\t\t<\/section>\n\t\t\t\t<section class=\"elementor-section elementor-top-section elementor-element elementor-element-1ea4a6c elementor-section-boxed elementor-section-height-default elementor-section-height-default selection-is-not-sticked\" data-id=\"1ea4a6c\" data-element_type=\"section\">\n\t\t\t\t\t\t<div class=\"elementor-container elementor-column-gap-default\">\n\t\t\t\t\t<div class=\"elementor-column elementor-col-100 elementor-top-column elementor-element elementor-element-6b055e48\" data-id=\"6b055e48\" data-element_type=\"column\">\n\t\t\t<div class=\"elementor-widget-wrap elementor-element-populated\">\n\t\t\t\t\t\t<div class=\"elementor-element elementor-element-daf2f00 elementor-widget elementor-widget-spacer\" data-id=\"daf2f00\" data-element_type=\"widget\" data-widget_type=\"spacer.default\">\n\t\t\t\t<div class=\"elementor-widget-container\">\n\t\t\t\t\t\t\t<div class=\"elementor-spacer\">\n\t\t\t<div class=\"elementor-spacer-inner\"><\/div>\n\t\t<\/div>\n\t\t\t\t\t\t<\/div>\n\t\t\t\t<\/div>\n\t\t\t\t\t<\/div>\n\t\t<\/div>\n\t\t\t\t\t<\/div>\n\t\t<\/section>\n\t\t\t\t<section class=\"elementor-section elementor-top-section elementor-element elementor-element-44bfb991 elementor-section-boxed elementor-section-height-default elementor-section-height-default selection-is-not-sticked\" data-id=\"44bfb991\" data-element_type=\"section\">\n\t\t\t\t\t\t<div class=\"elementor-container elementor-column-gap-default\">\n\t\t\t\t\t<div class=\"elementor-column elementor-col-100 elementor-top-column elementor-element elementor-element-c709cd9\" data-id=\"c709cd9\" data-element_type=\"column\">\n\t\t\t<div class=\"elementor-widget-wrap elementor-element-populated\">\n\t\t\t\t\t\t<div class=\"elementor-element elementor-element-3f0a0618 elementor-widget elementor-widget-spacer\" data-id=\"3f0a0618\" data-element_type=\"widget\" data-widget_type=\"spacer.default\">\n\t\t\t\t<div class=\"elementor-widget-container\">\n\t\t\t\t\t\t\t<div class=\"elementor-spacer\">\n\t\t\t<div class=\"elementor-spacer-inner\"><\/div>\n\t\t<\/div>\n\t\t\t\t\t\t<\/div>\n\t\t\t\t<\/div>\n\t\t\t\t\t<\/div>\n\t\t<\/div>\n\t\t\t\t\t<\/div>\n\t\t<\/section>\n\t\t\t\t<\/div>\n\t\t","protected":false},"excerpt":{"rendered":"<p>Galer\u00eda de Imag\u00e9nes Afiliadas &nbsp; Rally Rally ! &nbsp; Desafio Desafio ! &nbsp; Circuito Circuito! &nbsp; RC &nbsp; Nautica Nautica ! &nbsp; Cuadras Cuadras! &nbsp;<\/p>\n","protected":false},"author":1,"featured_media":0,"parent":0,"menu_order":0,"comment_status":"closed","ping_status":"closed","template":"","meta":{"footnotes":""},"class_list":["post-10310","page","type-page","status-publish","hentry"],"aioseo_notices":[],"yoast_head":"<!-- This site is optimized with the Yoast SEO plugin v24.8.1 - https:\/\/yoast.com\/wordpress\/plugins\/seo\/ -->\n<title>Galer\u00eda - Federaci\u00f3n Costarricense de los Motores<\/title>\n<meta name=\"robots\" content=\"index, follow, max-snippet:-1, max-image-preview:large, max-video-preview:-1\" \/>\n<link rel=\"canonical\" href=\"https:\/\/fecomcr.com\/?page_id=10310\" \/>\n<meta property=\"og:locale\" content=\"en_US\" \/>\n<meta property=\"og:type\" content=\"article\" \/>\n<meta property=\"og:title\" content=\"Galer\u00eda - Federaci\u00f3n Costarricense de los Motores\" \/>\n<meta property=\"og:description\" content=\"Galer\u00eda de Imag\u00e9nes Afiliadas &nbsp; Rally Rally ! &nbsp; Desafio Desafio ! &nbsp; Circuito Circuito! &nbsp; RC &nbsp; Nautica Nautica ! &nbsp; Cuadras Cuadras! &nbsp;\" \/>\n<meta property=\"og:url\" content=\"https:\/\/fecomcr.com\/?page_id=10310\" \/>\n<meta property=\"og:site_name\" content=\"Federaci\u00f3n Costarricense de los Motores\" \/>\n<meta property=\"article:modified_time\" content=\"2025-06-02T00:27:55+00:00\" \/>\n<meta name=\"twitter:card\" content=\"summary_large_image\" \/>\n<meta name=\"twitter:label1\" content=\"Est. reading time\" \/>\n\t<meta name=\"twitter:data1\" content=\"1 minute\" \/>\n<script type=\"application\/ld+json\" class=\"yoast-schema-graph\">{\"@context\":\"https:\/\/schema.org\",\"@graph\":[{\"@type\":\"WebPage\",\"@id\":\"https:\/\/fecomcr.com\/?page_id=10310\",\"url\":\"https:\/\/fecomcr.com\/?page_id=10310\",\"name\":\"Galer\u00eda - Federaci\u00f3n Costarricense de los Motores\",\"isPartOf\":{\"@id\":\"https:\/\/fecomcr.com\/#website\"},\"datePublished\":\"2021-07-02T07:51:50+00:00\",\"dateModified\":\"2025-06-02T00:27:55+00:00\",\"breadcrumb\":{\"@id\":\"https:\/\/fecomcr.com\/?page_id=10310#breadcrumb\"},\"inLanguage\":\"en-US\",\"potentialAction\":[{\"@type\":\"ReadAction\",\"target\":[\"https:\/\/fecomcr.com\/?page_id=10310\"]}]},{\"@type\":\"BreadcrumbList\",\"@id\":\"https:\/\/fecomcr.com\/?page_id=10310#breadcrumb\",\"itemListElement\":[{\"@type\":\"ListItem\",\"position\":1,\"name\":\"Home\",\"item\":\"https:\/\/fecomcr.com\/\"},{\"@type\":\"ListItem\",\"position\":2,\"name\":\"Galer\u00eda\"}]},{\"@type\":\"WebSite\",\"@id\":\"https:\/\/fecomcr.com\/#website\",\"url\":\"https:\/\/fecomcr.com\/\",\"name\":\"Federaci\u00f3n Costarricense de los Motores\",\"description\":\"FECOM\",\"potentialAction\":[{\"@type\":\"SearchAction\",\"target\":{\"@type\":\"EntryPoint\",\"urlTemplate\":\"https:\/\/fecomcr.com\/?s={search_term_string}\"},\"query-input\":{\"@type\":\"PropertyValueSpecification\",\"valueRequired\":true,\"valueName\":\"search_term_string\"}}],\"inLanguage\":\"en-US\"}]}<\/script>\n<!-- \/ Yoast SEO plugin. -->","yoast_head_json":{"title":"Galer\u00eda - Federaci\u00f3n Costarricense de los Motores","robots":{"index":"index","follow":"follow","max-snippet":"max-snippet:-1","max-image-preview":"max-image-preview:large","max-video-preview":"max-video-preview:-1"},"canonical":"https:\/\/fecomcr.com\/?page_id=10310","og_locale":"en_US","og_type":"article","og_title":"Galer\u00eda - Federaci\u00f3n Costarricense de los Motores","og_description":"Galer\u00eda de Imag\u00e9nes Afiliadas &nbsp; Rally Rally ! &nbsp; Desafio Desafio ! &nbsp; Circuito Circuito! &nbsp; RC &nbsp; Nautica Nautica ! &nbsp; Cuadras Cuadras! &nbsp;","og_url":"https:\/\/fecomcr.com\/?page_id=10310","og_site_name":"Federaci\u00f3n Costarricense de los Motores","article_modified_time":"2025-06-02T00:27:55+00:00","twitter_card":"summary_large_image","twitter_misc":{"Est. reading time":"1 minute"},"schema":{"@context":"https:\/\/schema.org","@graph":[{"@type":"WebPage","@id":"https:\/\/fecomcr.com\/?page_id=10310","url":"https:\/\/fecomcr.com\/?page_id=10310","name":"Galer\u00eda - Federaci\u00f3n Costarricense de los Motores","isPartOf":{"@id":"https:\/\/fecomcr.com\/#website"},"datePublished":"2021-07-02T07:51:50+00:00","dateModified":"2025-06-02T00:27:55+00:00","breadcrumb":{"@id":"https:\/\/fecomcr.com\/?page_id=10310#breadcrumb"},"inLanguage":"en-US","potentialAction":[{"@type":"ReadAction","target":["https:\/\/fecomcr.com\/?page_id=10310"]}]},{"@type":"BreadcrumbList","@id":"https:\/\/fecomcr.com\/?page_id=10310#breadcrumb","itemListElement":[{"@type":"ListItem","position":1,"name":"Home","item":"https:\/\/fecomcr.com\/"},{"@type":"ListItem","position":2,"name":"Galer\u00eda"}]},{"@type":"WebSite","@id":"https:\/\/fecomcr.com\/#website","url":"https:\/\/fecomcr.com\/","name":"Federaci\u00f3n Costarricense de los Motores","description":"FECOM","potentialAction":[{"@type":"SearchAction","target":{"@type":"EntryPoint","urlTemplate":"https:\/\/fecomcr.com\/?s={search_term_string}"},"query-input":{"@type":"PropertyValueSpecification","valueRequired":true,"valueName":"search_term_string"}}],"inLanguage":"en-US"}]}},"jetpack_sharing_enabled":true,"_links":{"self":[{"href":"https:\/\/fecomcr.com\/index.php?rest_route=\/wp\/v2\/pages\/10310","targetHints":{"allow":["GET"]}}],"collection":[{"href":"https:\/\/fecomcr.com\/index.php?rest_route=\/wp\/v2\/pages"}],"about":[{"href":"https:\/\/fecomcr.com\/index.php?rest_route=\/wp\/v2\/types\/page"}],"author":[{"embeddable":true,"href":"https:\/\/fecomcr.com\/index.php?rest_route=\/wp\/v2\/users\/1"}],"replies":[{"embeddable":true,"href":"https:\/\/fecomcr.com\/index.php?rest_route=%2Fwp%2Fv2%2Fcomments&post=10310"}],"version-history":[{"count":9,"href":"https:\/\/fecomcr.com\/index.php?rest_route=\/wp\/v2\/pages\/10310\/revisions"}],"predecessor-version":[{"id":15004,"href":"https:\/\/fecomcr.com\/index.php?rest_route=\/wp\/v2\/pages\/10310\/revisions\/15004"}],"wp:attachment":[{"href":"https:\/\/fecomcr.com\/index.php?rest_route=%2Fwp%2Fv2%2Fmedia&parent=10310"}],"curies":[{"name":"wp","href":"https:\/\/api.w.org\/{rel}","templated":true}]}}